{"id":45,"date":"2013-10-10T18:38:27","date_gmt":"2013-10-10T18:38:27","guid":{"rendered":"http:\/\/simplexportal.ro\/tehetseg.ro\/?page_id=45"},"modified":"2014-02-27T09:04:12","modified_gmt":"2014-02-27T09:04:12","slug":"dokumentumok","status":"publish","type":"page","link":"https:\/\/simplexportal.ro\/tehetseg.ro\/?page_id=45","title":{"rendered":"Dokumentumok"},"content":{"rendered":"<p><a href=\"https:\/\/simplexportal.ro\/tehetseg.ro\/dokumentumok\/ETTjegyzokonyv.pdf\">Jegyz\u0151k\u00f6nyv a tan\u00e1cs k\u00f6zgy\u0171l\u00e9s\u00e9r\u0151l<\/a> (Kolozsv\u00e1r, 2014. janu\u00e1r 25.)<br \/>\n<a href=\"https:\/\/simplexportal.ro\/tehetseg.ro\/dokumentumok\/NTP-OKA-XXIV_tamogatott_palyazatok.xls\">NTP-OKA XXIV- t\u00e1mogatott p\u00e1ly\u00e1zatok<\/a>\u00a0(2011. febru\u00e1r 23.)<br \/>\n<a href=\"https:\/\/simplexportal.ro\/tehetseg.ro\/dokumentumok\/jegyzokonyv.pdf\">Jegyz\u0151k\u00f6nyv a tan\u00e1cs december 1-jei gy\u0171l\u00e9s\u00e9r\u0151l<\/a> (Kolozsv\u00e1r, 2010. december 1.)<br \/>\n<a href=\"https:\/\/simplexportal.ro\/tehetseg.ro\/dokumentumok\/Munkaterv2011.pdf\">Munkaterv a 2011-es \u00e9vre<\/a> ( Kolozsv\u00e1r, 2010. december 1.)<br \/>\n<a href=\"https:\/\/simplexportal.ro\/tehetseg.ro\/dokumentumok\/ETTregisztracio.jpg\">Erd\u00e9lyi Tehets\u00e9gseg\u00edt\u0151 Tan\u00e1cs regisztr\u00e1ci\u00f3<\/a><br \/>\n<a href=\"https:\/\/simplexportal.ro\/tehetseg.ro\/dokumentumok\/nyilatkozat.pdf\">Sajt\u00f3nyilatkozat a tan\u00e1cs megalakul\u00e1s\u00e1r\u00f3l<\/a> (Marosv\u00e1s\u00e1rhely, 2010. okt\u00f3ber 16.)<br \/>\n<a href=\"https:\/\/simplexportal.ro\/tehetseg.ro\/dokumentumok\/szandek09.jpg\">Sz\u00e1nd\u00e9knyilatkozat a tan\u00e1cs megalakul\u00e1s\u00e1ra<\/a> (Sepsiszentgy\u00f6rgy, 2010. szeptember 26.)<\/p>\n","protected":false},"excerpt":{"rendered":"<p> <a class=\"continue-reading-link\" href=\"https:\/\/simplexportal.ro\/tehetseg.ro\/?page_id=45\">Tartalomhoz&#8230; <span class=\"meta-nav\">&rarr; <\/span><\/a><\/p>\n","protected":false},"author":1,"featured_media":0,"parent":0,"menu_order":0,"comment_status":"open","ping_status":"open","template":"","meta":{"footnotes":""},"class_list":["post-45","page","type-page","status-publish","hentry"],"_links":{"self":[{"href":"https:\/\/simplexportal.ro\/tehetseg.ro\/index.php?rest_route=\/wp\/v2\/pages\/45","targetHints":{"allow":["GET"]}}],"collection":[{"href":"https:\/\/simplexportal.ro\/tehetseg.ro\/index.php?rest_route=\/wp\/v2\/pages"}],"about":[{"href":"https:\/\/simplexportal.ro\/tehetseg.ro\/index.php?rest_route=\/wp\/v2\/types\/page"}],"author":[{"embeddable":true,"href":"https:\/\/simplexportal.ro\/tehetseg.ro\/index.php?rest_route=\/wp\/v2\/users\/1"}],"replies":[{"embeddable":true,"href":"https:\/\/simplexportal.ro\/tehetseg.ro\/index.php?rest_route=%2Fwp%2Fv2%2Fcomments&post=45"}],"version-history":[{"count":9,"href":"https:\/\/simplexportal.ro\/tehetseg.ro\/index.php?rest_route=\/wp\/v2\/pages\/45\/revisions"}],"predecessor-version":[{"id":710,"href":"https:\/\/simplexportal.ro\/tehetseg.ro\/index.php?rest_route=\/wp\/v2\/pages\/45\/revisions\/710"}],"wp:attachment":[{"href":"https:\/\/simplexportal.ro\/tehetseg.ro\/index.php?rest_route=%2Fwp%2Fv2%2Fmedia&parent=45"}],"curies":[{"name":"wp","href":"https:\/\/api.w.org\/{rel}","templated":true}]}}