{"id":41,"date":"2013-10-10T17:51:39","date_gmt":"2013-10-10T17:51:39","guid":{"rendered":"http:\/\/simplexportal.ro\/tehetseg.ro\/?page_id=41"},"modified":"2025-04-16T06:55:21","modified_gmt":"2025-04-16T06:55:21","slug":"kapcsolat","status":"publish","type":"page","link":"https:\/\/simplexportal.ro\/tehetseg.ro\/?page_id=41","title":{"rendered":"Kapcsolat"},"content":{"rendered":"<p><strong>Andr\u00e1s Szil\u00e1rd-K\u00e1roly<\/strong> &#8211; \u00fcgyvezet\u0151 eln\u00f6k<br \/>\nE-mail: etehetsegtanacs@gmail.com<\/p>\n<p><strong>Az ETT ideiglenes c\u00edme:<\/strong><br \/>\nErd\u00e9lyi Tehets\u00e9gseg\u00edt\u0151 Tan\u00e1cs<br \/>\nRO-400157, Kolozs megye, Kolozsv\u00e1r, Ploie\u0219ti\/Hossz\u00fa utca, 23-25.<\/p>\n","protected":false},"excerpt":{"rendered":"<p> <a class=\"continue-reading-link\" href=\"https:\/\/simplexportal.ro\/tehetseg.ro\/?page_id=41\">Tartalomhoz&#8230; <span class=\"meta-nav\">&rarr; <\/span><\/a><\/p>\n","protected":false},"author":1,"featured_media":0,"parent":0,"menu_order":0,"comment_status":"open","ping_status":"open","template":"","meta":{"footnotes":""},"class_list":["post-41","page","type-page","status-publish","hentry"],"_links":{"self":[{"href":"https:\/\/simplexportal.ro\/tehetseg.ro\/index.php?rest_route=\/wp\/v2\/pages\/41","targetHints":{"allow":["GET"]}}],"collection":[{"href":"https:\/\/simplexportal.ro\/tehetseg.ro\/index.php?rest_route=\/wp\/v2\/pages"}],"about":[{"href":"https:\/\/simplexportal.ro\/tehetseg.ro\/index.php?rest_route=\/wp\/v2\/types\/page"}],"author":[{"embeddable":true,"href":"https:\/\/simplexportal.ro\/tehetseg.ro\/index.php?rest_route=\/wp\/v2\/users\/1"}],"replies":[{"embeddable":true,"href":"https:\/\/simplexportal.ro\/tehetseg.ro\/index.php?rest_route=%2Fwp%2Fv2%2Fcomments&post=41"}],"version-history":[{"count":9,"href":"https:\/\/simplexportal.ro\/tehetseg.ro\/index.php?rest_route=\/wp\/v2\/pages\/41\/revisions"}],"predecessor-version":[{"id":2850,"href":"https:\/\/simplexportal.ro\/tehetseg.ro\/index.php?rest_route=\/wp\/v2\/pages\/41\/revisions\/2850"}],"wp:attachment":[{"href":"https:\/\/simplexportal.ro\/tehetseg.ro\/index.php?rest_route=%2Fwp%2Fv2%2Fmedia&parent=41"}],"curies":[{"name":"wp","href":"https:\/\/api.w.org\/{rel}","templated":true}]}}