{"id":101,"date":"2013-10-29T20:38:44","date_gmt":"2013-10-29T20:38:44","guid":{"rendered":"http:\/\/simplexportal.ro\/tehetseg.ro\/?page_id=101"},"modified":"2026-01-21T20:59:10","modified_gmt":"2026-01-21T20:59:10","slug":"tamogatok","status":"publish","type":"page","link":"https:\/\/simplexportal.ro\/tehetseg.ro\/?page_id=101","title":{"rendered":"T\u00e1mogat\u00f3ink"},"content":{"rendered":"\n<figure class=\"wp-block-table\"><table class=\"has-fixed-layout\"><tbody><tr><th><\/th><th><\/th><th><\/th><\/tr><tr><td>Kultur\u00e1lis \u00e9s Innov\u00e1ci\u00f3s Miniszt\u00e9rium (Magyarorsz\u00e1g)<\/td><td><a href=\"https:\/\/kormany.hu\/kormanyzat\/kulturalis-es-innovacios-miniszterium\">https:\/\/kormany.hu\/kormanyzat\/kulturalis-es-innovacios-miniszterium<\/a><\/td><td><figure><img loading=\"lazy\" decoding=\"async\" class=\"alignnone size-medium wp-image-2908\" src=\"https:\/\/simplexportal.ro\/tehetseg.ro\/wp-content\/uploads\/2026\/01\/KIM_logo_color-300x88.jpg\" alt=\"\" width=\"200\" height=\"60\" srcset=\"https:\/\/simplexportal.ro\/tehetseg.ro\/wp-content\/uploads\/2026\/01\/KIM_logo_color-300x88.jpg 300w, https:\/\/simplexportal.ro\/tehetseg.ro\/wp-content\/uploads\/2026\/01\/KIM_logo_color-150x44.jpg 150w\" sizes=\"auto, (max-width: 200px) 100vw, 200px\" \/><\/figure><\/td><\/tr><tr><td>Nemzeti Kultur\u00e1lis T\u00e1mogat\u00e1skezel\u0151<br><span style=\"font-family: inherit; font-size: inherit;\">(Magyarorsz\u00e1g)<\/span><\/td><td><a href=\"http:\/\/www.emet.gov.hu\/\">www.emet.gov.hu<\/a><\/td><td><figure><img loading=\"lazy\" decoding=\"async\" class=\"alignnone size-medium wp-image-2893\" src=\"https:\/\/simplexportal.ro\/tehetseg.ro\/wp-content\/uploads\/2025\/11\/NKTK_logo-300x173.jpg\" alt=\"\" width=\"200\" height=\"115\" srcset=\"https:\/\/simplexportal.ro\/tehetseg.ro\/wp-content\/uploads\/2025\/11\/NKTK_logo-300x173.jpg 300w, https:\/\/simplexportal.ro\/tehetseg.ro\/wp-content\/uploads\/2025\/11\/NKTK_logo-768x444.jpg 768w, https:\/\/simplexportal.ro\/tehetseg.ro\/wp-content\/uploads\/2025\/11\/NKTK_logo-150x87.jpg 150w, https:\/\/simplexportal.ro\/tehetseg.ro\/wp-content\/uploads\/2025\/11\/NKTK_logo-250x144.jpg 250w, https:\/\/simplexportal.ro\/tehetseg.ro\/wp-content\/uploads\/2025\/11\/NKTK_logo.jpg 909w\" sizes=\"auto, (max-width: 200px) 100vw, 200px\" \/><\/figure><\/td><\/tr><tr><td>Nemzeti Tehets\u00e9g Program (Magyarorsz\u00e1g)<\/td><td><a href=\"https:\/\/emet.gov.hu\/nemzeti-tehetseg-program\/\">https:\/\/emet.gov.hu\/nemzeti-tehetseg-program\/<\/a><\/td><td><figure><img loading=\"lazy\" decoding=\"async\" class=\"alignnone size-medium wp-image-2912\" src=\"https:\/\/simplexportal.ro\/tehetseg.ro\/wp-content\/uploads\/2026\/01\/nemzeti_tehetseg_program_logo-300x92.jpg\" alt=\"\" width=\"200\" height=\"62\" srcset=\"https:\/\/simplexportal.ro\/tehetseg.ro\/wp-content\/uploads\/2026\/01\/nemzeti_tehetseg_program_logo-300x92.jpg 300w, https:\/\/simplexportal.ro\/tehetseg.ro\/wp-content\/uploads\/2026\/01\/nemzeti_tehetseg_program_logo-150x46.jpg 150w, https:\/\/simplexportal.ro\/tehetseg.ro\/wp-content\/uploads\/2026\/01\/nemzeti_tehetseg_program_logo-250x77.jpg 250w, https:\/\/simplexportal.ro\/tehetseg.ro\/wp-content\/uploads\/2026\/01\/nemzeti_tehetseg_program_logo.jpg 384w\" sizes=\"auto, (max-width: 200px) 100vw, 200px\" \/><\/figure><\/td><\/tr><tr><td>Magyar Tehets\u00e9gseg\u00edt\u0151 Szervezetek Sz\u00f6vets\u00e9ge (MATEHETSZ)<\/td><td><a href=\"http:\/\/matehetsz.hu\/\"> https:\/\/matehetsz.hu\/ <\/a><\/td><td><figure><img loading=\"lazy\" decoding=\"async\" class=\"alignnone size-full wp-image-2913\" src=\"https:\/\/simplexportal.ro\/tehetseg.ro\/wp-content\/uploads\/2026\/01\/logo_mtszsz_bwrgb.jpg\" alt=\"\" width=\"156\" height=\"156\" srcset=\"https:\/\/simplexportal.ro\/tehetseg.ro\/wp-content\/uploads\/2026\/01\/logo_mtszsz_bwrgb.jpg 156w, https:\/\/simplexportal.ro\/tehetseg.ro\/wp-content\/uploads\/2026\/01\/logo_mtszsz_bwrgb-150x150.jpg 150w\" sizes=\"auto, (max-width: 156px) 100vw, 156px\" \/><\/figure><\/td><\/tr><tr><td>Oktat\u00e1skutat\u00f3 \u00e9s Fejleszt\u0151 Int\u00e9zet (Magyarorsz\u00e1g)<\/td><td><a href=\"https:\/\/ofi.oh.gov.hu\/\">https:\/\/ofi.oh.gov.hu\/<\/a><\/td><td><figure><img loading=\"lazy\" decoding=\"async\" class=\"alignnone size-full wp-image-2909\" src=\"https:\/\/simplexportal.ro\/tehetseg.ro\/wp-content\/uploads\/2026\/01\/R-3.jpg\" alt=\"\" width=\"190\" height=\"75\" srcset=\"https:\/\/simplexportal.ro\/tehetseg.ro\/wp-content\/uploads\/2026\/01\/R-3.jpg 190w, https:\/\/simplexportal.ro\/tehetseg.ro\/wp-content\/uploads\/2026\/01\/R-3-150x59.jpg 150w\" sizes=\"auto, (max-width: 190px) 100vw, 190px\" \/><\/figure><\/td><\/tr><\/tbody><\/table><\/figure>\n","protected":false},"excerpt":{"rendered":"<p> <a class=\"continue-reading-link\" href=\"https:\/\/simplexportal.ro\/tehetseg.ro\/?page_id=101\">Tartalomhoz&#8230; <span class=\"meta-nav\">&rarr; <\/span><\/a><\/p>\n","protected":false},"author":1,"featured_media":0,"parent":0,"menu_order":0,"comment_status":"open","ping_status":"open","template":"","meta":{"footnotes":""},"class_list":["post-101","page","type-page","status-publish","hentry"],"_links":{"self":[{"href":"https:\/\/simplexportal.ro\/tehetseg.ro\/index.php?rest_route=\/wp\/v2\/pages\/101","targetHints":{"allow":["GET"]}}],"collection":[{"href":"https:\/\/simplexportal.ro\/tehetseg.ro\/index.php?rest_route=\/wp\/v2\/pages"}],"about":[{"href":"https:\/\/simplexportal.ro\/tehetseg.ro\/index.php?rest_route=\/wp\/v2\/types\/page"}],"author":[{"embeddable":true,"href":"https:\/\/simplexportal.ro\/tehetseg.ro\/index.php?rest_route=\/wp\/v2\/users\/1"}],"replies":[{"embeddable":true,"href":"https:\/\/simplexportal.ro\/tehetseg.ro\/index.php?rest_route=%2Fwp%2Fv2%2Fcomments&post=101"}],"version-history":[{"count":19,"href":"https:\/\/simplexportal.ro\/tehetseg.ro\/index.php?rest_route=\/wp\/v2\/pages\/101\/revisions"}],"predecessor-version":[{"id":2922,"href":"https:\/\/simplexportal.ro\/tehetseg.ro\/index.php?rest_route=\/wp\/v2\/pages\/101\/revisions\/2922"}],"wp:attachment":[{"href":"https:\/\/simplexportal.ro\/tehetseg.ro\/index.php?rest_route=%2Fwp%2Fv2%2Fmedia&parent=101"}],"curies":[{"name":"wp","href":"https:\/\/api.w.org\/{rel}","templated":true}]}}