{"id":1880,"date":"2015-09-14T19:09:46","date_gmt":"2015-09-14T17:09:46","guid":{"rendered":"http:\/\/simplexportal.ro\/?page_id=1880"},"modified":"2017-07-28T07:11:07","modified_gmt":"2017-07-28T05:11:07","slug":"elemi-matematika-szakkor-kolozsvaron-megoldasok","status":"publish","type":"page","link":"https:\/\/simplexportal.ro\/?page_id=1880","title":{"rendered":"Elemi matematika szakk\u00f6r Kolozsv\u00e1ron &#8211; Megold\u00e1sok"},"content":{"rendered":"<p>[nm-wp-file-uploader]<\/p>\n<p><center><\/p>\n<style type=\"text\/css\">\n\ttable.tableizer-table {\n\tborder: 1px solid #CCC; font-family: Arial, Helvetica, sans-serif;\n\tfont-size: 12px;\n} \n.tableizer-table td {\n\tpadding: 4px;\n\tmargin: 3px;\n\tborder: 1px solid #ccc;\n}\n.tableizer-table th {\n\tbackground-color: #104E8B; \n\tcolor: #FFF;\n\tfont-weight: bold;\n}\n<\/style>\n<table class=\"tableizer-table\">\n<tr class=\"tableizer-firstrow\">\n<th>Id&#337;pont<\/th>\n<th>Feladatsor<\/th>\n<\/tr>\n<tr>\n<td>2015. m\u00e1jus 30. \u00e9s j\u00fanius 6., 16.00<\/td>\n<td> <a href=\"http:\/\/simplexportal.ro\/dokumentumok\/szakkor\/feladats14.pdf\">14. feladatsor<\/a><\/td>\n<\/tr>\n<tr>\n<td>2015. m\u00e1jus 23., 16.00<\/td>\n<td> <a href=\"http:\/\/simplexportal.ro\/dokumentumok\/szakkor\/feladats13.pdf\">13. feladatsor<\/a><\/td>\n<\/tr>\n<tr>\n<td>2015. m\u00e1jus 9. \u00e9s m\u00e1jus 16., 16.00<\/td>\n<td> <a href=\"http:\/\/simplexportal.ro\/dokumentumok\/szakkor\/feladats12.pdf\">12. feladatsor<\/a><\/td>\n<\/tr>\n<tr>\n<td>2015. febru\u00e1r 22., 16.00<\/td>\n<td> <a href=\"http:\/\/simplexportal.ro\/dokumentumok\/szakkor\/feladats11.pdf\">11. feladatsor<\/a><\/td>\n<\/tr>\n<tr>\n<td>2015. febru\u00e1r 8. \u00e9s febru\u00e1r 15., 16.00<\/td>\n<td> <a href=\"http:\/\/simplexportal.ro\/dokumentumok\/szakkor\/feladats10.pdf\">10. feladatsor<\/a><\/td>\n<\/tr>\n<tr>\n<td>2015. janu\u00e1r 11. \u00e9s febru\u00e1r 1, 16.00<\/td>\n<td> <a href=\"http:\/\/simplexportal.ro\/dokumentumok\/szakkor\/feladats9.pdf\">9. feladatsor<\/a><\/td>\n<\/tr>\n<tr>\n<td>2015. december 7. \u00e9s december 14., 16.00<\/td>\n<td> <a href=\"http:\/\/simplexportal.ro\/dokumentumok\/szakkor\/feladats8.pdf\">8. feladatsor<\/a><\/td>\n<\/tr>\n<tr>\n<td>2015. november 23., 16.00<\/td>\n<td> <a href=\"http:\/\/simplexportal.ro\/dokumentumok\/szakkor\/feladats7.pdf\">7. feladatsor<\/a><\/td>\n<\/tr>\n<tr>\n<td>2015. november 9. \u00e9s november 16., 16.00<\/td>\n<td> <a href=\"http:\/\/simplexportal.ro\/dokumentumok\/szakkor\/feladats6.pdf\">6. feladatsor<\/a><\/td>\n<\/tr>\n<tr>\n<td>2015. november 2., 16.00<\/td>\n<td> <a href=\"http:\/\/simplexportal.ro\/dokumentumok\/szakkor\/feladats5.pdf\">5. feladatsor<\/a><\/td>\n<\/tr>\n<tr>\n<td>2015. okt\u00f3ber 26., 16.00<\/td>\n<td> <a href=\"http:\/\/simplexportal.ro\/dokumentumok\/szakkor\/feladats4.pdf\">4. feladatsor<\/a><\/td>\n<\/tr>\n<tr>\n<td>2015. okt\u00f3ber 19., 16.00<\/td>\n<td> <a href=\"http:\/\/simplexportal.ro\/dokumentumok\/szakkor\/feladats3.pdf\">3. feladatsor<\/a><\/td>\n<\/tr>\n<tr>\n<td>2015. okt\u00f3ber 12., 16.00<\/td>\n<td> <a href=\"http:\/\/simplexportal.ro\/dokumentumok\/szakkor\/feladats2.pdf\">2. feladatsor<\/a><\/td>\n<\/tr>\n<tr>\n<td>2015. okt\u00f3ber 5., 16.00<\/td>\n<td><a href=\"http:\/\/simplexportal.ro\/dokumentumok\/szakkor\/feladats1.pdf\">1. feladatsor<\/a><\/td>\n<\/tr>\n<tr>\n<td>&nbsp;<\/td>\n<td>&nbsp;<\/td>\n<\/tr>\n<\/table>\n<p><\/center><\/p>\n<p>[quoteRotator title=&#8221;Megfontoland\u00f3 gondolatok&#8221; delay=&#8221;12&#8243; fade=&#8221;4&#8243; fadeout=&#8221;2&#8243;]<\/p>\n","protected":false},"excerpt":{"rendered":"<p>[nm-wp-file-uploader] Id&#337;pont Feladatsor 2015. m\u00e1jus 30. \u00e9s j\u00fanius 6., 16.00 14. feladatsor 2015. m\u00e1jus 23., 16.00 13. feladatsor 2015. m\u00e1jus 9. \u00e9s m\u00e1jus 16., 16.00 12. feladatsor 2015. febru\u00e1r 22., 16.00 11. feladatsor 2015. febru\u00e1r 8. \u00e9s febru\u00e1r 15., 16.00 10. feladatsor 2015. janu\u00e1r 11. \u00e9s febru\u00e1r 1, 16.00 9. feladatsor 2015. december 7. \u00e9s [&hellip;]<\/p>\n","protected":false},"author":1,"featured_media":0,"parent":1848,"menu_order":0,"comment_status":"closed","ping_status":"closed","template":"","meta":{"footnotes":""},"class_list":["post-1880","page","type-page","status-publish","hentry"],"_links":{"self":[{"href":"https:\/\/simplexportal.ro\/index.php?rest_route=\/wp\/v2\/pages\/1880","targetHints":{"allow":["GET"]}}],"collection":[{"href":"https:\/\/simplexportal.ro\/index.php?rest_route=\/wp\/v2\/pages"}],"about":[{"href":"https:\/\/simplexportal.ro\/index.php?rest_route=\/wp\/v2\/types\/page"}],"author":[{"embeddable":true,"href":"https:\/\/simplexportal.ro\/index.php?rest_route=\/wp\/v2\/users\/1"}],"replies":[{"embeddable":true,"href":"https:\/\/simplexportal.ro\/index.php?rest_route=%2Fwp%2Fv2%2Fcomments&post=1880"}],"version-history":[{"count":45,"href":"https:\/\/simplexportal.ro\/index.php?rest_route=\/wp\/v2\/pages\/1880\/revisions"}],"predecessor-version":[{"id":2715,"href":"https:\/\/simplexportal.ro\/index.php?rest_route=\/wp\/v2\/pages\/1880\/revisions\/2715"}],"up":[{"embeddable":true,"href":"https:\/\/simplexportal.ro\/index.php?rest_route=\/wp\/v2\/pages\/1848"}],"wp:attachment":[{"href":"https:\/\/simplexportal.ro\/index.php?rest_route=%2Fwp%2Fv2%2Fmedia&parent=1880"}],"curies":[{"name":"wp","href":"https:\/\/api.w.org\/{rel}","templated":true}]}}