{"id":1325,"date":"2013-09-13T17:22:44","date_gmt":"2013-09-13T15:22:44","guid":{"rendered":"http:\/\/simplexportal.ro\/?page_id=1325"},"modified":"2018-06-06T18:06:34","modified_gmt":"2018-06-06T16:06:34","slug":"partnereink","status":"publish","type":"page","link":"http:\/\/simplexportal.ro\/?page_id=1325","title":{"rendered":"Partnereink"},"content":{"rendered":"<table border=\"1\">\n<tbody>\n<tr>\n<th><\/th>\n<th><\/th>\n<th><\/th>\n<\/tr>\n<tr>\n<td>Erd\u00e9lyi Tehets\u00e9gseg\u00edt\u0151 Tan\u00e1cs<\/td>\n<td><a href=\"http:\/\/www.tehetseg.ro\/\">http:\/\/www.tehetseg.ro\/<\/a><\/td>\n<td><img loading=\"lazy\" class=\"alignleft\" style=\"border: 0px none; margin: 10px;\" alt=\"null\" src=\"http:\/\/www.simplexportal.ro\/logok\/ett_logo.jpg\" width=\"120\" height=\"150\" align=\"center\" \/><\/td>\n<\/tr>\n<tr>\n<td>Babe\u0219-Bolyai Tudom\u00e1nyegyetem, Matematika \u00e9s Informatika Kar<\/td>\n<td><a href=\"http:\/\/www.cs.ubbcluj.ro\/\">http:\/\/www.cs.ubbcluj.ro\/<\/a><\/td>\n<td><img loading=\"lazy\" class=\"alignleft\" style=\"border: 0px none; margin: 10px;\" alt=\"null\" src=\"http:\/\/www.simplexportal.ro\/logok\/logo_ubb.png\" width=\"300\" height=\"370\" \/><\/td>\n<\/tr>\n<tr>\n<td>Sapientia EMTE Cs\u00edkszeredai Karok<\/td>\n<td><a href=\"http:\/\/www.sapientia.ro\/\">http:\/\/www.sapientia.ro\/<\/a><\/td>\n<td><img loading=\"lazy\" class=\"alignleft\" style=\"border: 0px none; margin: 10px;\" alt=\"null\" src=\"http:\/\/www.simplexportal.ro\/logok\/emte_logo_hu.jpg\" width=\"240\" height=\"300\" \/><\/td>\n<\/tr>\n<tr>\n<td>Rom\u00e1niai Magyar Pedag\u00f3gusok Sz\u00f6vets\u00e9ge<\/td>\n<td><a href=\"www.rmpsz.ro\">www.rmpsz.ro<\/a><\/td>\n<td><center><img loading=\"lazy\" class=\"alignleft\" style=\"border: 0px none; margin: 10px;\" alt=\"null\" src=\"http:\/\/www.simplexportal.ro\/logok\/rmpsz_logo.jpg\" width=\"200\" height=\"225\" \/><\/center><\/td>\n<\/tr>\n<tr>\n<td>Tam\u00e1si \u00c1ron L\u00edceum, Sz\u00e9kelyudvarhely<\/td>\n<td><a href=\"http:\/\/www.gimi.ro\">www.gimi.ro<\/a><\/td>\n<td><img loading=\"lazy\" class=\"alignleft\" style=\"border: 0px none; margin: 10px;\" alt=\"null\" src=\"http:\/\/www.simplexportal.ro\/logok\/tamasi.jpg\" width=\"120\" height=\"150\" \/><\/td>\n<\/tr>\n<tr>\n<td>M\u00e1rton \u00c1ron L\u00edceum, Cs\u00edkszereda<\/td>\n<td><a href=\"http:\/\/www.mag.ro\/\">http:\/\/www.mag.ro\/<\/a><\/td>\n<td><img loading=\"lazy\" class=\"alignleft\" style=\"border: 0px none; margin: 10px;\" alt=\"null\" src=\"http:\/\/www.simplexportal.ro\/logok\/mag_logo.png\" width=\"120\" height=\"150\" \/><\/td>\n<\/tr>\n<tr>\n<td>B\u00e1thory Istv\u00e1n Elm\u00e9leti L\u00edceum, Kolozsv\u00e1r<\/td>\n<td><a href=\"http:\/\/www.bathory.ro\/\">http:\/\/www.bathory.ro\/<\/a><\/td>\n<td><img loading=\"lazy\" class=\"alignleft\" style=\"border: 0px none; margin: 10px;\" alt=\"null\" src=\"http:\/\/www.simplexportal.ro\/logok\/bathory_logo.jpg\" width=\"180\" height=\"220\" \/><\/td>\n<\/tr>\n<tr>\n<td>Hargita megyei tanfel\u00fcgyel\u0151s\u00e9g<\/td>\n<td><a href=\"http:\/\/isjhr.eduhr.ro\/web2\/index.php\">http:\/\/isjhr.eduhr.ro\/web2\/index.php<\/a><\/td>\n<td><img loading=\"lazy\" class=\"alignleft\" style=\"border: 0px none; margin: 10px;\" alt=\"null\" src=\"http:\/\/www.simplexportal.ro\/logok\/isjhr.jpg\" width=\"180\" height=\"220\" \/><\/td>\n<\/tr>\n<tr>\n<td>PRIMAS FP7-es Eur\u00f3pai projekt<\/td>\n<td><a href=\"http:\/\/www.primas-project.ro\">www.primas-project.ro<\/a> <a href=\"http:\/\/www.primas-project.eu\">www.primas-project.eu<\/a><\/td>\n<td><img loading=\"lazy\" class=\"alignleft\" style=\"border: 0px none; margin: 10px;\" alt=\"null\" src=\"http:\/\/www.simplexportal.ro\/logok\/logo_primas.png\" width=\"120\" height=\"150\" \/><\/td>\n<\/tr>\n<tr>\n<td>MASCIL FP7-es Eur\u00f3pai projekt<\/td>\n<td><a href=\"http:\/\/www.mascil-project.eu\/\">http:\/\/www.mascil-project.eu\/<\/a><\/td>\n<td><img loading=\"lazy\" class=\"alignleft\" style=\"border: 0px none; margin: 10px;\" alt=\"null\" src=\"http:\/\/www.simplexportal.ro\/logok\/mascil_Logo_RGB.png\" width=\"120\" height=\"150\" \/><\/td>\n<\/tr>\n<\/tbody>\n<\/table>\n","protected":false},"excerpt":{"rendered":"<p>Erd\u00e9lyi Tehets\u00e9gseg\u00edt\u0151 Tan\u00e1cs http:\/\/www.tehetseg.ro\/ Babe\u0219-Bolyai Tudom\u00e1nyegyetem, Matematika \u00e9s Informatika Kar http:\/\/www.cs.ubbcluj.ro\/ Sapientia EMTE Cs\u00edkszeredai Karok http:\/\/www.sapientia.ro\/ Rom\u00e1niai Magyar Pedag\u00f3gusok Sz\u00f6vets\u00e9ge www.rmpsz.ro Tam\u00e1si \u00c1ron L\u00edceum, Sz\u00e9kelyudvarhely www.gimi.ro M\u00e1rton \u00c1ron L\u00edceum, Cs\u00edkszereda http:\/\/www.mag.ro\/ B\u00e1thory Istv\u00e1n Elm\u00e9leti L\u00edceum, Kolozsv\u00e1r http:\/\/www.bathory.ro\/ Hargita megyei tanfel\u00fcgyel\u0151s\u00e9g http:\/\/isjhr.eduhr.ro\/web2\/index.php PRIMAS FP7-es Eur\u00f3pai projekt www.primas-project.ro www.primas-project.eu MASCIL FP7-es Eur\u00f3pai projekt http:\/\/www.mascil-project.eu\/<\/p>\n","protected":false},"author":1,"featured_media":0,"parent":0,"menu_order":0,"comment_status":"open","ping_status":"open","template":"","meta":{"footnotes":""},"class_list":["post-1325","page","type-page","status-publish","hentry"],"_links":{"self":[{"href":"http:\/\/simplexportal.ro\/index.php?rest_route=\/wp\/v2\/pages\/1325","targetHints":{"allow":["GET"]}}],"collection":[{"href":"http:\/\/simplexportal.ro\/index.php?rest_route=\/wp\/v2\/pages"}],"about":[{"href":"http:\/\/simplexportal.ro\/index.php?rest_route=\/wp\/v2\/types\/page"}],"author":[{"embeddable":true,"href":"http:\/\/simplexportal.ro\/index.php?rest_route=\/wp\/v2\/users\/1"}],"replies":[{"embeddable":true,"href":"http:\/\/simplexportal.ro\/index.php?rest_route=%2Fwp%2Fv2%2Fcomments&post=1325"}],"version-history":[{"count":31,"href":"http:\/\/simplexportal.ro\/index.php?rest_route=\/wp\/v2\/pages\/1325\/revisions"}],"predecessor-version":[{"id":2911,"href":"http:\/\/simplexportal.ro\/index.php?rest_route=\/wp\/v2\/pages\/1325\/revisions\/2911"}],"wp:attachment":[{"href":"http:\/\/simplexportal.ro\/index.php?rest_route=%2Fwp%2Fv2%2Fmedia&parent=1325"}],"curies":[{"name":"wp","href":"https:\/\/api.w.org\/{rel}","templated":true}]}}